{"id":63,"date":"2025-06-04T19:54:46","date_gmt":"2025-06-04T19:54:46","guid":{"rendered":"https:\/\/virtusenerji.com\/?page_id=63"},"modified":"2025-06-10T13:03:09","modified_gmt":"2025-06-10T13:03:09","slug":"hakkimizda","status":"publish","type":"page","link":"https:\/\/virtusenerji.com\/?page_id=63","title":{"rendered":"Hakk\u0131m\u0131zda"},"content":{"rendered":"\n<figure class=\"wp-block-image aligncenter size-medium is-resized\"><img fetchpriority=\"high\" decoding=\"async\" width=\"300\" height=\"172\" src=\"https:\/\/virtusenerji.com\/wp-content\/uploads\/2025\/06\/Renewable-Energy-Solar-Farm-at-Sunrise_Sunset-300x172.jpeg\" alt=\"\" class=\"wp-image-68\" style=\"aspect-ratio:1.7777777777777777;object-fit:cover;width:458px;height:auto\" srcset=\"https:\/\/virtusenerji.com\/wp-content\/uploads\/2025\/06\/Renewable-Energy-Solar-Farm-at-Sunrise_Sunset-300x172.jpeg 300w, https:\/\/virtusenerji.com\/wp-content\/uploads\/2025\/06\/Renewable-Energy-Solar-Farm-at-Sunrise_Sunset-1024x585.jpeg 1024w, https:\/\/virtusenerji.com\/wp-content\/uploads\/2025\/06\/Renewable-Energy-Solar-Farm-at-Sunrise_Sunset-768x439.jpeg 768w, https:\/\/virtusenerji.com\/wp-content\/uploads\/2025\/06\/Renewable-Energy-Solar-Farm-at-Sunrise_Sunset.jpeg 1200w\" sizes=\"(max-width: 300px) 100vw, 300px\" \/><\/figure>\n\n\n\n<h2 class=\"wp-block-heading has-text-align-center\"><strong>Vizyonumuz<\/strong><\/h2>\n\n\n\n<blockquote class=\"wp-block-quote is-layout-flow wp-block-quote-is-layout-flow\">\n<p><strong>Temiz enerjiyle g\u00fc\u00e7lenen bir gelecek i\u00e7in; do\u011faya duyarl\u0131, insana faydal\u0131 ve g\u00fcvene dayal\u0131 enerji \u00e7\u00f6z\u00fcmleri sunmak.<\/strong><\/p>\n\n\n\n<p>G\u00fcne\u015fin s\u00fcrd\u00fcr\u00fclebilir g\u00fcc\u00fcn\u00fc herkesin eri\u015febilece\u011fi bir enerjiye d\u00f6n\u00fc\u015ft\u00fcrerek, T\u00fcrkiye&#8217;nin ve d\u00fcnyan\u0131n enerji d\u00f6n\u00fc\u015f\u00fcm\u00fcne katk\u0131 sa\u011flamak.<\/p>\n<\/blockquote>\n\n\n\n<h2 class=\"wp-block-heading has-text-align-center\"><strong>Misyonumuz<\/strong><\/h2>\n\n\n\n<blockquote class=\"wp-block-quote is-layout-flow wp-block-quote-is-layout-flow\">\n<p><strong>Erdemli m\u00fchendislik anlay\u0131\u015f\u0131m\u0131zla, bireylerin ve kurumlar\u0131n kendi enerjilerini \u00fcretmelerini sa\u011flamak; her \u00e7at\u0131da g\u00fcvenli, verimli ve etik de\u011ferlere uygun g\u00fcne\u015f enerjisi sistemleri kurmak.<\/strong><\/p>\n\n\n\n<p>Yaln\u0131zca bug\u00fcn\u00fc de\u011fil, gezegenimizin yar\u0131n\u0131n\u0131 da d\u00fc\u015f\u00fcnerek \u00e7al\u0131\u015f\u0131yor; m\u00fc\u015fterilerimize de\u011fil, ayn\u0131 zamanda do\u011faya ve gelece\u011fe de kar\u015f\u0131 sorumluluk ta\u015f\u0131yoruz.<\/p>\n<\/blockquote>\n","protected":false},"excerpt":{"rendered":"<p>Vizyonumuz Temiz enerjiyle g\u00fc\u00e7lenen bir gelecek i\u00e7in; do\u011faya duyarl\u0131, insana faydal\u0131 ve g\u00fcvene dayal\u0131 enerji \u00e7\u00f6z\u00fcmleri sunmak. G\u00fcne\u015fin s\u00fcrd\u00fcr\u00fclebilir g\u00fcc\u00fcn\u00fc herkesin eri\u015febilece\u011fi bir enerjiye d\u00f6n\u00fc\u015ft\u00fcrerek, T\u00fcrkiye&#8217;nin ve d\u00fcnyan\u0131n enerji d\u00f6n\u00fc\u015f\u00fcm\u00fcne katk\u0131 sa\u011flamak. Misyonumuz Erdemli m\u00fchendislik anlay\u0131\u015f\u0131m\u0131zla, bireylerin ve kurumlar\u0131n kendi enerjilerini \u00fcretmelerini sa\u011flamak; her \u00e7at\u0131da g\u00fcvenli, verimli ve etik de\u011ferlere uygun g\u00fcne\u015f enerjisi sistemleri kurmak. [&hellip;]<\/p>\n","protected":false},"author":1,"featured_media":0,"parent":0,"menu_order":0,"comment_status":"closed","ping_status":"closed","template":"","meta":{"_acf_changed":false,"footnotes":""},"class_list":["post-63","page","type-page","status-publish","hentry"],"acf":[],"_links":{"self":[{"href":"https:\/\/virtusenerji.com\/index.php?rest_route=\/wp\/v2\/pages\/63","targetHints":{"allow":["GET"]}}],"collection":[{"href":"https:\/\/virtusenerji.com\/index.php?rest_route=\/wp\/v2\/pages"}],"about":[{"href":"https:\/\/virtusenerji.com\/index.php?rest_route=\/wp\/v2\/types\/page"}],"author":[{"embeddable":true,"href":"https:\/\/virtusenerji.com\/index.php?rest_route=\/wp\/v2\/users\/1"}],"replies":[{"embeddable":true,"href":"https:\/\/virtusenerji.com\/index.php?rest_route=%2Fwp%2Fv2%2Fcomments&post=63"}],"version-history":[{"count":5,"href":"https:\/\/virtusenerji.com\/index.php?rest_route=\/wp\/v2\/pages\/63\/revisions"}],"predecessor-version":[{"id":140,"href":"https:\/\/virtusenerji.com\/index.php?rest_route=\/wp\/v2\/pages\/63\/revisions\/140"}],"wp:attachment":[{"href":"https:\/\/virtusenerji.com\/index.php?rest_route=%2Fwp%2Fv2%2Fmedia&parent=63"}],"curies":[{"name":"wp","href":"https:\/\/api.w.org\/{rel}","templated":true}]}}