{"id":132,"date":"2025-06-10T12:49:38","date_gmt":"2025-06-10T12:49:38","guid":{"rendered":"https:\/\/virtusenerji.com\/?page_id=132"},"modified":"2025-06-10T18:40:20","modified_gmt":"2025-06-10T18:40:20","slug":"urun-satis","status":"publish","type":"page","link":"https:\/\/virtusenerji.com\/?page_id=132","title":{"rendered":"\u00dcr\u00fcn sat\u0131\u015f"},"content":{"rendered":"\n<div class=\"wp-block-media-text is-stacked-on-mobile\" style=\"grid-template-columns:20% auto\"><figure class=\"wp-block-media-text__media\"><img fetchpriority=\"high\" decoding=\"async\" width=\"1024\" height=\"1024\" src=\"https:\/\/virtusenerji.com\/wp-content\/uploads\/2025\/06\/Colorful-Cables-Cluster-1024x1024.jpeg\" alt=\"\" class=\"wp-image-133 size-full\" srcset=\"https:\/\/virtusenerji.com\/wp-content\/uploads\/2025\/06\/Colorful-Cables-Cluster-1024x1024.jpeg 1024w, https:\/\/virtusenerji.com\/wp-content\/uploads\/2025\/06\/Colorful-Cables-Cluster-300x300.jpeg 300w, https:\/\/virtusenerji.com\/wp-content\/uploads\/2025\/06\/Colorful-Cables-Cluster-150x150.jpeg 150w, https:\/\/virtusenerji.com\/wp-content\/uploads\/2025\/06\/Colorful-Cables-Cluster-768x768.jpeg 768w, https:\/\/virtusenerji.com\/wp-content\/uploads\/2025\/06\/Colorful-Cables-Cluster.jpeg 1200w\" sizes=\"(max-width: 1024px) 100vw, 1024px\" \/><\/figure><div class=\"wp-block-media-text__content\">\n<p style=\"font-size:15px\">Piyasalar\u0131n d\u00fczensizli\u011fi ve her g\u00fcn de\u011fi\u015fen etiketler nedeni ile \u00fcr\u00fcn sat\u0131\u015f sayfam\u0131z\u0131 g\u00fcncellemeye yeti\u015femiyoruz. Bu neden ile k\u0131sa s\u00fcreli\u011fine sayfam\u0131z\u0131 ask\u0131ya al\u0131yoruz.<\/p>\n\n\n\n<p style=\"font-size:15px\">G\u00fcncel \u00fcr\u00fcn bilgileri ve fiyatlar i\u00e7in teknik ekibimiz sizleri bekliyor. <\/p>\n\n\n\n<p style=\"font-size:15px\"><strong>\u00dcr\u00fcn sat\u0131\u015f i\u00e7in : <a href=\"tel:905388868633\">+90 538 886 8633<\/a> <\/strong><\/p>\n<\/div><\/div>\n\n\n\n<p><\/p>\n","protected":false},"excerpt":{"rendered":"<p>Piyasalar\u0131n d\u00fczensizli\u011fi ve her g\u00fcn de\u011fi\u015fen etiketler nedeni ile \u00fcr\u00fcn sat\u0131\u015f sayfam\u0131z\u0131 g\u00fcncellemeye yeti\u015femiyoruz. Bu neden ile k\u0131sa s\u00fcreli\u011fine sayfam\u0131z\u0131 ask\u0131ya al\u0131yoruz. G\u00fcncel \u00fcr\u00fcn bilgileri ve fiyatlar i\u00e7in teknik ekibimiz sizleri bekliyor. \u00dcr\u00fcn sat\u0131\u015f i\u00e7in : +90 538 886 8633<\/p>\n","protected":false},"author":1,"featured_media":0,"parent":0,"menu_order":0,"comment_status":"closed","ping_status":"closed","template":"","meta":{"_acf_changed":false,"footnotes":""},"class_list":["post-132","page","type-page","status-publish","hentry"],"acf":[],"_links":{"self":[{"href":"https:\/\/virtusenerji.com\/index.php?rest_route=\/wp\/v2\/pages\/132","targetHints":{"allow":["GET"]}}],"collection":[{"href":"https:\/\/virtusenerji.com\/index.php?rest_route=\/wp\/v2\/pages"}],"about":[{"href":"https:\/\/virtusenerji.com\/index.php?rest_route=\/wp\/v2\/types\/page"}],"author":[{"embeddable":true,"href":"https:\/\/virtusenerji.com\/index.php?rest_route=\/wp\/v2\/users\/1"}],"replies":[{"embeddable":true,"href":"https:\/\/virtusenerji.com\/index.php?rest_route=%2Fwp%2Fv2%2Fcomments&post=132"}],"version-history":[{"count":4,"href":"https:\/\/virtusenerji.com\/index.php?rest_route=\/wp\/v2\/pages\/132\/revisions"}],"predecessor-version":[{"id":141,"href":"https:\/\/virtusenerji.com\/index.php?rest_route=\/wp\/v2\/pages\/132\/revisions\/141"}],"wp:attachment":[{"href":"https:\/\/virtusenerji.com\/index.php?rest_route=%2Fwp%2Fv2%2Fmedia&parent=132"}],"curies":[{"name":"wp","href":"https:\/\/api.w.org\/{rel}","templated":true}]}}