{"id":106,"date":"2025-06-10T11:44:41","date_gmt":"2025-06-10T11:44:41","guid":{"rendered":"https:\/\/virtusenerji.com\/?page_id=106"},"modified":"2025-06-10T18:44:49","modified_gmt":"2025-06-10T18:44:49","slug":"hizmetler","status":"publish","type":"page","link":"https:\/\/virtusenerji.com\/?page_id=106","title":{"rendered":"Hizmetler"},"content":{"rendered":"\n<hr class=\"wp-block-separator has-alpha-channel-opacity is-style-wide\" style=\"margin-top:0;margin-bottom:0\"\/>\n\n\n\n<div class=\"wp-block-media-text is-stacked-on-mobile is-vertically-aligned-center\" style=\"border-style:none;border-width:0px;grid-template-columns:30% auto\"><figure class=\"wp-block-media-text__media\"><img fetchpriority=\"high\" decoding=\"async\" width=\"300\" height=\"226\" src=\"https:\/\/virtusenerji.com\/wp-content\/uploads\/2025\/06\/Solar-Panels-on-Terracotta-Roof-300x226.jpeg\" alt=\"\" class=\"wp-image-120 size-medium\" srcset=\"https:\/\/virtusenerji.com\/wp-content\/uploads\/2025\/06\/Solar-Panels-on-Terracotta-Roof-300x226.jpeg 300w, https:\/\/virtusenerji.com\/wp-content\/uploads\/2025\/06\/Solar-Panels-on-Terracotta-Roof-1024x771.jpeg 1024w, https:\/\/virtusenerji.com\/wp-content\/uploads\/2025\/06\/Solar-Panels-on-Terracotta-Roof-768x579.jpeg 768w, https:\/\/virtusenerji.com\/wp-content\/uploads\/2025\/06\/Solar-Panels-on-Terracotta-Roof.jpeg 1200w\" sizes=\"(max-width: 300px) 100vw, 300px\" \/><\/figure><div class=\"wp-block-media-text__content\">\n<p style=\"border-radius:0px;margin-top:0;margin-right:var(--wp--preset--spacing--80);margin-bottom:0;margin-left:var(--wp--preset--spacing--80);font-size:15px\">Anahtar teslim G\u00fcne\u015f enerji santrali kurulum ve \u00fcr\u00fcn tedari\u011fi hizmeti veriyoruz.<\/p>\n<\/div><\/div>\n\n\n\n<hr class=\"wp-block-separator alignwide has-alpha-channel-opacity is-style-wide\"\/>\n\n\n\n<div class=\"wp-block-media-text has-media-on-the-right is-stacked-on-mobile\" style=\"grid-template-columns:auto 30%\"><div class=\"wp-block-media-text__content\">\n<p style=\"margin-right:var(--wp--preset--spacing--80);margin-left:var(--wp--preset--spacing--80);font-size:15px\">G\u00fcne\u015f enerjisi santrali Bak\u0131m&amp;Onar\u0131m ve temizlik hizmetleri.<\/p>\n<\/div><figure class=\"wp-block-media-text__media\"><img decoding=\"async\" width=\"1024\" height=\"771\" src=\"https:\/\/virtusenerji.com\/wp-content\/uploads\/2025\/06\/Solar-Panels-on-Terracotta-Roof-1-1024x771.jpeg\" alt=\"\" class=\"wp-image-116 size-full\" srcset=\"https:\/\/virtusenerji.com\/wp-content\/uploads\/2025\/06\/Solar-Panels-on-Terracotta-Roof-1-1024x771.jpeg 1024w, https:\/\/virtusenerji.com\/wp-content\/uploads\/2025\/06\/Solar-Panels-on-Terracotta-Roof-1-300x226.jpeg 300w, https:\/\/virtusenerji.com\/wp-content\/uploads\/2025\/06\/Solar-Panels-on-Terracotta-Roof-1-768x579.jpeg 768w, https:\/\/virtusenerji.com\/wp-content\/uploads\/2025\/06\/Solar-Panels-on-Terracotta-Roof-1.jpeg 1200w\" sizes=\"(max-width: 1024px) 100vw, 1024px\" \/><\/figure><\/div>\n\n\n\n<hr class=\"wp-block-separator has-alpha-channel-opacity is-style-wide\"\/>\n\n\n\n<div class=\"wp-block-media-text is-stacked-on-mobile\" style=\"font-size:40px;grid-template-columns:30% auto\"><figure class=\"wp-block-media-text__media\"><img decoding=\"async\" width=\"1024\" height=\"1024\" src=\"https:\/\/virtusenerji.com\/wp-content\/uploads\/2025\/06\/Electrical-Store-Display-1024x1024.jpeg\" alt=\"\" class=\"wp-image-122 size-full\" srcset=\"https:\/\/virtusenerji.com\/wp-content\/uploads\/2025\/06\/Electrical-Store-Display-1024x1024.jpeg 1024w, https:\/\/virtusenerji.com\/wp-content\/uploads\/2025\/06\/Electrical-Store-Display-300x300.jpeg 300w, https:\/\/virtusenerji.com\/wp-content\/uploads\/2025\/06\/Electrical-Store-Display-150x150.jpeg 150w, https:\/\/virtusenerji.com\/wp-content\/uploads\/2025\/06\/Electrical-Store-Display-768x768.jpeg 768w, https:\/\/virtusenerji.com\/wp-content\/uploads\/2025\/06\/Electrical-Store-Display.jpeg 1200w\" sizes=\"(max-width: 1024px) 100vw, 1024px\" \/><\/figure><div class=\"wp-block-media-text__content\">\n<p style=\"margin-top:0;margin-right:var(--wp--preset--spacing--80);margin-bottom:0;margin-left:var(--wp--preset--spacing--80);font-size:15px\">G\u00fcne\u015f enerjisi, elektrik \u015falt malzeme \u00fcr\u00fcn tedari\u011fi hizmetleri.<\/p>\n<\/div><\/div>\n\n\n\n<hr class=\"wp-block-separator has-alpha-channel-opacity is-style-wide\"\/>\n\n\n\n<div class=\"wp-block-media-text has-media-on-the-right is-stacked-on-mobile has-normal-font-size\" style=\"grid-template-columns:auto 30%\"><div class=\"wp-block-media-text__content\">\n<p style=\"margin-right:var(--wp--preset--spacing--80);margin-left:var(--wp--preset--spacing--80);font-size:15px\">Bina i\u00e7 tesisat enerji nakil hatt\u0131(ENH) \u00fcr\u00fcn tedari\u011fi ve taah\u00fct hizmetlerini sunuyoruz.<\/p>\n<\/div><figure class=\"wp-block-media-text__media\"><img loading=\"lazy\" decoding=\"async\" width=\"1200\" height=\"673\" src=\"https:\/\/virtusenerji.com\/wp-content\/uploads\/2025\/06\/Electrical-Panel-Work.jpeg\" alt=\"\" class=\"wp-image-117 size-full\" srcset=\"https:\/\/virtusenerji.com\/wp-content\/uploads\/2025\/06\/Electrical-Panel-Work.jpeg 1200w, https:\/\/virtusenerji.com\/wp-content\/uploads\/2025\/06\/Electrical-Panel-Work-300x168.jpeg 300w, https:\/\/virtusenerji.com\/wp-content\/uploads\/2025\/06\/Electrical-Panel-Work-1024x574.jpeg 1024w, https:\/\/virtusenerji.com\/wp-content\/uploads\/2025\/06\/Electrical-Panel-Work-768x431.jpeg 768w\" sizes=\"(max-width: 1200px) 100vw, 1200px\" \/><\/figure><\/div>\n\n\n\n<hr class=\"wp-block-separator has-alpha-channel-opacity is-style-wide\"\/>\n\n\n\n<div class=\"wp-block-media-text is-stacked-on-mobile\" style=\"grid-template-columns:30% auto\"><figure class=\"wp-block-media-text__media\"><img loading=\"lazy\" decoding=\"async\" width=\"1024\" height=\"768\" src=\"https:\/\/virtusenerji.com\/wp-content\/uploads\/2025\/06\/Industrial-Facility-Scene-1024x768.jpeg\" alt=\"\" class=\"wp-image-118 size-full\" srcset=\"https:\/\/virtusenerji.com\/wp-content\/uploads\/2025\/06\/Industrial-Facility-Scene-1024x768.jpeg 1024w, https:\/\/virtusenerji.com\/wp-content\/uploads\/2025\/06\/Industrial-Facility-Scene-300x225.jpeg 300w, https:\/\/virtusenerji.com\/wp-content\/uploads\/2025\/06\/Industrial-Facility-Scene-768x576.jpeg 768w, https:\/\/virtusenerji.com\/wp-content\/uploads\/2025\/06\/Industrial-Facility-Scene.jpeg 1200w\" sizes=\"(max-width: 1024px) 100vw, 1024px\" \/><\/figure><div class=\"wp-block-media-text__content\">\n<p style=\"margin-right:var(--wp--preset--spacing--80);margin-left:var(--wp--preset--spacing--80);font-size:15px\">Pano montaj\u0131, tadilat\u0131, kompanzasyon sistemleri kurulumu ve taah\u00fct hizmetleri veriyoruz.<\/p>\n<\/div><\/div>\n\n\n\n<hr class=\"wp-block-separator has-alpha-channel-opacity is-style-wide\"\/>\n\n\n\n<div class=\"wp-block-media-text has-media-on-the-right is-stacked-on-mobile\" style=\"grid-template-columns:auto 30%\"><div class=\"wp-block-media-text__content\">\n<p style=\"margin-right:var(--wp--preset--spacing--80);margin-left:var(--wp--preset--spacing--80);font-size:15px\">Ar\u0131za tespit renovasyon projeleri ve ki\u015fiye \u00f6zel m\u00fchendislik tasar\u0131m\u0131 yap\u0131yoruz.<\/p>\n<\/div><figure class=\"wp-block-media-text__media\"><img loading=\"lazy\" decoding=\"async\" width=\"771\" height=\"1024\" src=\"https:\/\/virtusenerji.com\/wp-content\/uploads\/2025\/06\/Man-in-High-Tech-Corridor-771x1024.jpeg\" alt=\"\" class=\"wp-image-119 size-full\" srcset=\"https:\/\/virtusenerji.com\/wp-content\/uploads\/2025\/06\/Man-in-High-Tech-Corridor-771x1024.jpeg 771w, https:\/\/virtusenerji.com\/wp-content\/uploads\/2025\/06\/Man-in-High-Tech-Corridor-226x300.jpeg 226w, https:\/\/virtusenerji.com\/wp-content\/uploads\/2025\/06\/Man-in-High-Tech-Corridor-768x1019.jpeg 768w, https:\/\/virtusenerji.com\/wp-content\/uploads\/2025\/06\/Man-in-High-Tech-Corridor.jpeg 904w\" sizes=\"(max-width: 771px) 100vw, 771px\" \/><\/figure><\/div>\n","protected":false},"excerpt":{"rendered":"<p>Anahtar teslim G\u00fcne\u015f enerji santrali kurulum ve \u00fcr\u00fcn tedari\u011fi hizmeti veriyoruz. G\u00fcne\u015f enerjisi santrali Bak\u0131m&amp;Onar\u0131m ve temizlik hizmetleri. G\u00fcne\u015f enerjisi, elektrik \u015falt malzeme \u00fcr\u00fcn tedari\u011fi hizmetleri. Bina i\u00e7 tesisat enerji nakil hatt\u0131(ENH) \u00fcr\u00fcn tedari\u011fi ve taah\u00fct hizmetlerini sunuyoruz. Pano montaj\u0131, tadilat\u0131, kompanzasyon sistemleri kurulumu ve taah\u00fct hizmetleri veriyoruz. Ar\u0131za tespit renovasyon projeleri ve ki\u015fiye \u00f6zel [&hellip;]<\/p>\n","protected":false},"author":1,"featured_media":0,"parent":0,"menu_order":0,"comment_status":"closed","ping_status":"closed","template":"","meta":{"_acf_changed":false,"footnotes":""},"class_list":["post-106","page","type-page","status-publish","hentry"],"acf":[],"_links":{"self":[{"href":"https:\/\/virtusenerji.com\/index.php?rest_route=\/wp\/v2\/pages\/106","targetHints":{"allow":["GET"]}}],"collection":[{"href":"https:\/\/virtusenerji.com\/index.php?rest_route=\/wp\/v2\/pages"}],"about":[{"href":"https:\/\/virtusenerji.com\/index.php?rest_route=\/wp\/v2\/types\/page"}],"author":[{"embeddable":true,"href":"https:\/\/virtusenerji.com\/index.php?rest_route=\/wp\/v2\/users\/1"}],"replies":[{"embeddable":true,"href":"https:\/\/virtusenerji.com\/index.php?rest_route=%2Fwp%2Fv2%2Fcomments&post=106"}],"version-history":[{"count":13,"href":"https:\/\/virtusenerji.com\/index.php?rest_route=\/wp\/v2\/pages\/106\/revisions"}],"predecessor-version":[{"id":143,"href":"https:\/\/virtusenerji.com\/index.php?rest_route=\/wp\/v2\/pages\/106\/revisions\/143"}],"wp:attachment":[{"href":"https:\/\/virtusenerji.com\/index.php?rest_route=%2Fwp%2Fv2%2Fmedia&parent=106"}],"curies":[{"name":"wp","href":"https:\/\/api.w.org\/{rel}","templated":true}]}}